{"id":184,"date":"2025-02-27T11:50:25","date_gmt":"2025-02-27T10:50:25","guid":{"rendered":"https:\/\/www.hotel-grand-pavois.com\/?page_id=184"},"modified":"2026-04-23T14:51:34","modified_gmt":"2026-04-23T12:51:34","slug":"acces-contact-hotel-vue-mer-fecamp","status":"publish","type":"page","link":"https:\/\/www.hotel-grand-pavois.com\/en\/acces-contact-hotel-vue-mer-fecamp\/","title":{"rendered":"Access &amp; Contact"},"content":{"rendered":"\t\t<div data-elementor-type=\"wp-page\" data-elementor-id=\"184\" class=\"elementor elementor-184\" data-elementor-post-type=\"page\">\n\t\t\t\t<div class=\"elementor-element elementor-element-c7c4bcd e-con-full top hero e-flex e-con e-parent\" data-id=\"c7c4bcd\" data-element_type=\"container\" data-e-type=\"container\" data-settings=\"{&quot;background_background&quot;:&quot;classic&quot;}\">\n\t\t<div class=\"elementor-element elementor-element-a200f9c e-flex e-con-boxed e-con e-child\" data-id=\"a200f9c\" data-element_type=\"container\" data-e-type=\"container\">\n\t\t\t\t\t<div class=\"e-con-inner\">\n\t\t\t\t\t<\/div>\n\t\t\t\t<\/div>\n\t\t<div class=\"elementor-element elementor-element-a12e8b8 e-con-full title-container e-flex e-con e-child\" data-id=\"a12e8b8\" data-element_type=\"container\" data-e-type=\"container\">\n\t\t\t\t<div class=\"elementor-element elementor-element-538390a title-1 elementor-widget elementor-widget-heading\" data-id=\"538390a\" data-element_type=\"widget\" data-e-type=\"widget\" data-widget_type=\"heading.default\">\n\t\t\t\t<div class=\"elementor-widget-container\">\n\t\t\t\t\t<h1 class=\"elementor-heading-title elementor-size-default\">Contact<\/h1>\t\t\t\t<\/div>\n\t\t\t\t<\/div>\n\t\t\t\t<div class=\"elementor-element elementor-element-147d95c title-2 elementor-widget elementor-widget-heading\" data-id=\"147d95c\" data-element_type=\"widget\" data-e-type=\"widget\" data-widget_type=\"heading.default\">\n\t\t\t\t<div class=\"elementor-widget-container\">\n\t\t\t\t\t<h2 class=\"elementor-heading-title elementor-size-default\">&amp; acc\u00e8s<\/h2>\t\t\t\t<\/div>\n\t\t\t\t<\/div>\n\t\t\t\t<\/div>\n\t\t<div class=\"elementor-element elementor-element-f5f4e56 e-flex e-con-boxed e-con e-child\" data-id=\"f5f4e56\" data-element_type=\"container\" data-e-type=\"container\">\n\t\t\t\t\t<div class=\"e-con-inner\">\n\t\t\t\t<div class=\"elementor-element elementor-element-bc0d3cb elementor-widget__width-auto elementor-view-default elementor-widget elementor-widget-icon\" data-id=\"bc0d3cb\" data-element_type=\"widget\" data-e-type=\"widget\" data-widget_type=\"icon.default\">\n\t\t\t\t<div class=\"elementor-widget-container\">\n\t\t\t\t\t\t\t<div class=\"elementor-icon-wrapper\">\n\t\t\t<a class=\"elementor-icon\" href=\"#firstscreen\">\n\t\t\t<svg xmlns=\"http:\/\/www.w3.org\/2000\/svg\" width=\"22\" height=\"41\" viewBox=\"0 0 22 41\" fill=\"none\"><g id=\"scroll\"><path id=\"Vector\" d=\"M10.86 40L10.3297 40.5303C10.4703 40.671 10.6611 40.75 10.86 40.75C11.0589 40.75 11.2497 40.671 11.3903 40.5303L10.86 40ZM20.7503 31.1703C21.0432 30.8774 21.0432 30.4026 20.7503 30.1097C20.4574 29.8168 19.9826 29.8168 19.6897 30.1097L20.7503 31.1703ZM2.03033 30.1097C1.73744 29.8168 1.26256 29.8168 0.96967 30.1097C0.676777 30.4026 0.676777 30.8774 0.96967 31.1703L2.03033 30.1097ZM11.61 1C11.61 0.585786 11.2742 0.25 10.86 0.25C10.4458 0.25 10.11 0.585786 10.11 1L11.61 1ZM10.86 23.62H11.61H10.86ZM11.3903 40.5303L20.7503 31.1703L19.6897 30.1097L10.3297 39.4697L11.3903 40.5303ZM11.3903 39.4697L2.03033 30.1097L0.96967 31.1703L10.3297 40.5303L11.3903 39.4697ZM10.11 1L10.11 23.62H11.61L11.61 1L10.11 1ZM10.11 23.62L10.11 40H11.61L11.61 23.62H10.11Z\" fill=\"white\"><\/path><\/g><\/svg>\t\t\t<\/a>\n\t\t<\/div>\n\t\t\t\t\t\t<\/div>\n\t\t\t\t<\/div>\n\t\t\t\t\t<\/div>\n\t\t\t\t<\/div>\n\t\t\t\t<\/div>\n\t\t<div class=\"elementor-element elementor-element-9a9e350 e-con-full e-flex e-con e-parent\" data-id=\"9a9e350\" data-element_type=\"container\" data-e-type=\"container\" id=\"firstscreen\">\n\t\t<div class=\"elementor-element elementor-element-f732dcd e-con-full e-flex e-con e-child\" data-id=\"f732dcd\" data-element_type=\"container\" data-e-type=\"container\">\n\t\t\t\t<div class=\"elementor-element elementor-element-1ec53ae elementor-widget elementor-widget-heading\" data-id=\"1ec53ae\" data-element_type=\"widget\" data-e-type=\"widget\" data-widget_type=\"heading.default\">\n\t\t\t\t<div class=\"elementor-widget-container\">\n\t\t\t\t\t<h2 class=\"elementor-heading-title elementor-size-default\">H\u00f4tel vue mer \u00e0 F\u00e9camp<\/h2>\t\t\t\t<\/div>\n\t\t\t\t<\/div>\n\t\t\t\t<div class=\"elementor-element elementor-element-00a09fd elementor-widget-mobile__width-inherit elementor-widget elementor-widget-heading\" data-id=\"00a09fd\" data-element_type=\"widget\" data-e-type=\"widget\" data-widget_type=\"heading.default\">\n\t\t\t\t<div class=\"elementor-widget-container\">\n\t\t\t\t\t<p class=\"elementor-heading-title elementor-size-default\">Une \u00e9quipe pour vous conseiller<\/p>\t\t\t\t<\/div>\n\t\t\t\t<\/div>\n\t\t\t\t<div class=\"elementor-element elementor-element-5216509 elementor-widget__width-initial elementor-widget elementor-widget-text-editor\" data-id=\"5216509\" data-element_type=\"widget\" data-e-type=\"widget\" data-widget_type=\"text-editor.default\">\n\t\t\t\t<div class=\"elementor-widget-container\">\n\t\t\t\t\t\t\t\t\t<p><a href=\"https:\/\/www.hotel-grand-pavois.com\/\">H\u00f4tel Le Grand Pavois<\/a> 3* \u00a0<br \/>15 quai de la Vicomt\u00e9<br \/>76400 F\u00e9camp<br \/>FRANCE<br \/>T\u00c9L : +33 (0)2 35 10 01 01<\/p><p><a href=\"mailto:contact@hotel-grand-pavois.com\">contact@hotel-grand-pavois.com<\/a><\/p><p><a href=\"http:\/\/www.hotel-grand-pavois.com\/\">http:\/\/www.hotel-grand-pavois.com\/<\/a><\/p>\t\t\t\t\t\t\t\t<\/div>\n\t\t\t\t<\/div>\n\t\t\t\t<\/div>\n\t\t\t\t<\/div>\n\t\t<div class=\"elementor-element elementor-element-c2778de e-con-full e-flex e-con e-parent\" data-id=\"c2778de\" data-element_type=\"container\" data-e-type=\"container\" data-settings=\"{&quot;background_background&quot;:&quot;classic&quot;}\">\n\t\t<div class=\"elementor-element elementor-element-965e67b e-con-full e-flex e-con e-child\" data-id=\"965e67b\" data-element_type=\"container\" data-e-type=\"container\">\n\t\t\t\t<div class=\"elementor-element elementor-element-b8e56f9 subtitle elementor-widget-mobile__width-inherit elementor-widget elementor-widget-heading\" data-id=\"b8e56f9\" data-element_type=\"widget\" data-e-type=\"widget\" data-widget_type=\"heading.default\">\n\t\t\t\t<div class=\"elementor-widget-container\">\n\t\t\t\t\t<p class=\"elementor-heading-title elementor-size-default\">Comment venir ?<\/p>\t\t\t\t<\/div>\n\t\t\t\t<\/div>\n\t\t\t\t<\/div>\n\t\t<div class=\"elementor-element elementor-element-407b212 e-con-full e-flex e-con e-child\" data-id=\"407b212\" data-element_type=\"container\" data-e-type=\"container\">\n\t\t\t\t<div class=\"elementor-element elementor-element-f147adb elementor-widget__width-initial elementor-view-default elementor-position-block-start elementor-mobile-position-block-start elementor-widget elementor-widget-icon-box\" data-id=\"f147adb\" data-element_type=\"widget\" data-e-type=\"widget\" data-widget_type=\"icon-box.default\">\n\t\t\t\t<div class=\"elementor-widget-container\">\n\t\t\t\t\t\t\t<div class=\"elementor-icon-box-wrapper\">\n\n\t\t\t\t\t\t<div class=\"elementor-icon-box-icon\">\n\t\t\t\t<span  class=\"elementor-icon\">\n\t\t\t\t<i aria-hidden=\"true\" class=\"eliofont eliofont-train\"><\/i>\t\t\t\t<\/span>\n\t\t\t<\/div>\n\t\t\t\n\t\t\t\t\t\t<div class=\"elementor-icon-box-content\">\n\n\t\t\t\t\t\t\t\t\t<p class=\"elementor-icon-box-title\">\n\t\t\t\t\t\t<span  >\n\t\t\t\t\t\t\tEn train\t\t\t\t\t\t<\/span>\n\t\t\t\t\t<\/p>\n\t\t\t\t\n\t\t\t\t\t\t\t\t\t<p class=\"elementor-icon-box-description\">\n\t\t\t\t\t\tLa gare TER de F\u00e9camp se situe \u00e0 seulement 3 minutes de voiture de notre h\u00f4tel avec vue mer \u00e0 F\u00e9camp et 10 minutes \u00e0 pied. Paris se trouve \u00e0 2h45 en train de notre h\u00f4tel.\t\t\t\t\t<\/p>\n\t\t\t\t\n\t\t\t<\/div>\n\t\t\t\n\t\t<\/div>\n\t\t\t\t\t\t<\/div>\n\t\t\t\t<\/div>\n\t\t\t\t<div class=\"elementor-element elementor-element-6ddf53b elementor-widget__width-initial elementor-view-default elementor-position-block-start elementor-mobile-position-block-start elementor-widget elementor-widget-icon-box\" data-id=\"6ddf53b\" data-element_type=\"widget\" data-e-type=\"widget\" data-widget_type=\"icon-box.default\">\n\t\t\t\t<div class=\"elementor-widget-container\">\n\t\t\t\t\t\t\t<div class=\"elementor-icon-box-wrapper\">\n\n\t\t\t\t\t\t<div class=\"elementor-icon-box-icon\">\n\t\t\t\t<span  class=\"elementor-icon\">\n\t\t\t\t<i aria-hidden=\"true\" class=\"eliofont eliofont-car\"><\/i>\t\t\t\t<\/span>\n\t\t\t<\/div>\n\t\t\t\n\t\t\t\t\t\t<div class=\"elementor-icon-box-content\">\n\n\t\t\t\t\t\t\t\t\t<p class=\"elementor-icon-box-title\">\n\t\t\t\t\t\t<span  >\n\t\t\t\t\t\t\tEn voiture\t\t\t\t\t\t<\/span>\n\t\t\t\t\t<\/p>\n\t\t\t\t\n\t\t\t\t\t\t\t\t\t<p class=\"elementor-icon-box-description\">\n\t\t\t\t\t\tSitu\u00e9 en Normandie, l\u2019h\u00f4tel Grand Pavois avec vue mer \u00e0 F\u00e9camp est accessible. Nous nous situons \u00e0 :<br>\n\u2022 50min de Rouen<br>\n\u2022 1h00 de Dieppe<br>\n\u2022 1h40 de Amiens<br>\n\u2022 1h30 de Caen<br>\n\u2022 2h00 de Paris<br>\n\u2022 3h00 de Lille<br>\n\u2022 4h00 de Bruxelles\n\t\t\t\t\t<\/p>\n\t\t\t\t\n\t\t\t<\/div>\n\t\t\t\n\t\t<\/div>\n\t\t\t\t\t\t<\/div>\n\t\t\t\t<\/div>\n\t\t\t\t<div class=\"elementor-element elementor-element-b64dc45 elementor-widget__width-initial elementor-view-default elementor-position-block-start elementor-mobile-position-block-start elementor-widget elementor-widget-icon-box\" data-id=\"b64dc45\" data-element_type=\"widget\" data-e-type=\"widget\" data-widget_type=\"icon-box.default\">\n\t\t\t\t<div class=\"elementor-widget-container\">\n\t\t\t\t\t\t\t<div class=\"elementor-icon-box-wrapper\">\n\n\t\t\t\t\t\t<div class=\"elementor-icon-box-icon\">\n\t\t\t\t<span  class=\"elementor-icon\">\n\t\t\t\t<i aria-hidden=\"true\" class=\"eliofont eliofont-plane\"><\/i>\t\t\t\t<\/span>\n\t\t\t<\/div>\n\t\t\t\n\t\t\t\t\t\t<div class=\"elementor-icon-box-content\">\n\n\t\t\t\t\t\t\t\t\t<p class=\"elementor-icon-box-title\">\n\t\t\t\t\t\t<span  >\n\t\t\t\t\t\t\tEn avion\t\t\t\t\t\t<\/span>\n\t\t\t\t\t<\/p>\n\t\t\t\t\n\t\t\t\t\t\t\t\t\t<p class=\"elementor-icon-box-description\">\n\t\t\t\t\t\tL'a\u00e9roport le plus proche de F\u00e9camp est celui de Deauville. Il se trouve \u00e0 46 km, soit moins d'une heure en voiture.\t\t\t\t\t<\/p>\n\t\t\t\t\n\t\t\t<\/div>\n\t\t\t\n\t\t<\/div>\n\t\t\t\t\t\t<\/div>\n\t\t\t\t<\/div>\n\t\t\t\t<\/div>\n\t\t\t\t<\/div>\n\t\t<div class=\"elementor-element elementor-element-9a04701 animated-arch_right e-flex e-con-boxed e-con e-child\" data-id=\"9a04701\" data-element_type=\"container\" data-e-type=\"container\">\n\t\t\t\t\t<div class=\"e-con-inner\">\n\t\t<div class=\"elementor-element elementor-element-333d29f e-con-full content e-flex e-con e-child\" data-id=\"333d29f\" data-element_type=\"container\" data-e-type=\"container\">\n\t\t<div class=\"elementor-element elementor-element-ca8ee4c e-con-full e-flex e-con e-child\" data-id=\"ca8ee4c\" data-element_type=\"container\" data-e-type=\"container\">\n\t\t\t\t<div class=\"elementor-element elementor-element-89ccf9c title elementor-widget elementor-widget-heading\" data-id=\"89ccf9c\" data-element_type=\"widget\" data-e-type=\"widget\" data-widget_type=\"heading.default\">\n\t\t\t\t<div class=\"elementor-widget-container\">\n\t\t\t\t\t<h2 class=\"elementor-heading-title elementor-size-default\">Nous contacter<\/h2>\t\t\t\t<\/div>\n\t\t\t\t<\/div>\n\t\t\t\t<div class=\"elementor-element elementor-element-b30835f subtitle elementor-widget-mobile__width-inherit elementor-widget elementor-widget-heading\" data-id=\"b30835f\" data-element_type=\"widget\" data-e-type=\"widget\" data-widget_type=\"heading.default\">\n\t\t\t\t<div class=\"elementor-widget-container\">\n\t\t\t\t\t<p class=\"elementor-heading-title elementor-size-default\">Envie d'embarquer pour un s\u00e9jour \u00e0 bord ?<\/p>\t\t\t\t<\/div>\n\t\t\t\t<\/div>\n\t\t\t\t<\/div>\n\t\t\t\t<div class=\"elementor-element elementor-element-8fcef96 elementor-widget elementor-widget-text-editor\" data-id=\"8fcef96\" data-element_type=\"widget\" data-e-type=\"widget\" data-widget_type=\"text-editor.default\">\n\t\t\t\t<div class=\"elementor-widget-container\">\n\t\t\t\t\t\t\t\t\tPlusieurs options pour r\u00e9server :\n<ul><br>\n \t<li>R\u00e9servez directement en ligne<\/li>\n \t<li>Appelez notre service r\u00e9servation au +33 (0)2 35 10 01 01<\/li>\n \t<li>Remplissez le formulaire ci-dessous :<\/li>\n<\/ul>\t\t\t\t\t\t\t\t<\/div>\n\t\t\t\t<\/div>\n\t\t<div class=\"elementor-element elementor-element-fbd7db8 e-con-full e-flex e-con e-child\" data-id=\"fbd7db8\" data-element_type=\"container\" data-e-type=\"container\">\n\t\t\t\t<div class=\"elementor-element elementor-element-cc26f77 elementor-button-align-start elementor-widget__width-initial elementor-widget elementor-widget-form\" data-id=\"cc26f77\" data-element_type=\"widget\" data-e-type=\"widget\" data-settings=\"{&quot;step_next_label&quot;:&quot;Suivant&quot;,&quot;step_previous_label&quot;:&quot;Pr\\u00e9c\\u00e9dent&quot;,&quot;step_type&quot;:&quot;number_text&quot;,&quot;step_icon_shape&quot;:&quot;circle&quot;}\" data-widget_type=\"form.default\">\n\t\t\t\t<div class=\"elementor-widget-container\">\n\t\t\t\t\t\t\t<form class=\"elementor-form\" method=\"post\" name=\"Formulaire contact S\u00e9jour\" aria-label=\"Formulaire contact S\u00e9jour\">\n\t\t\t<input type=\"hidden\" name=\"post_id\" value=\"184\"\/>\n\t\t\t<input type=\"hidden\" name=\"form_id\" value=\"cc26f77\"\/>\n\t\t\t<input type=\"hidden\" name=\"referer_title\" value=\"\" \/>\n\n\t\t\t\n\t\t\t<div class=\"elementor-form-fields-wrapper elementor-labels-\">\n\t\t\t\t\t\t\t\t<div class=\"elementor-field-type-text elementor-field-group elementor-column elementor-field-group-name elementor-col-50 elementor-md-50 elementor-sm-50 elementor-field-required\">\n\t\t\t\t\t\t\t\t\t\t\t\t<label for=\"form-field-name\" class=\"elementor-field-label elementor-screen-only\">\n\t\t\t\t\t\t\t\tNom\t\t\t\t\t\t\t<\/label>\n\t\t\t\t\t\t\t\t\t\t\t\t\t\t<input size=\"1\" type=\"text\" name=\"form_fields[name]\" id=\"form-field-name\" class=\"elementor-field elementor-size-sm  elementor-field-textual\" placeholder=\"Votre nom *\" required=\"required\">\n\t\t\t\t\t\t\t\t\t\t\t<\/div>\n\t\t\t\t\t\t\t\t<div class=\"elementor-field-type-text elementor-field-group elementor-column elementor-field-group-prenom elementor-col-50 elementor-md-50 elementor-sm-50 elementor-field-required\">\n\t\t\t\t\t\t\t\t\t\t\t\t<label for=\"form-field-prenom\" class=\"elementor-field-label elementor-screen-only\">\n\t\t\t\t\t\t\t\tPr\u00e9nom\t\t\t\t\t\t\t<\/label>\n\t\t\t\t\t\t\t\t\t\t\t\t\t\t<input size=\"1\" type=\"text\" name=\"form_fields[prenom]\" id=\"form-field-prenom\" class=\"elementor-field elementor-size-sm  elementor-field-textual\" placeholder=\"Votre pr\u00e9nom *\" required=\"required\">\n\t\t\t\t\t\t\t\t\t\t\t<\/div>\n\t\t\t\t\t\t\t\t<div class=\"elementor-field-type-select elementor-field-group elementor-column elementor-field-group-objet elementor-col-100 elementor-md-100 elementor-sm-100\">\n\t\t\t\t\t\t\t\t\t\t\t\t<label for=\"form-field-objet\" class=\"elementor-field-label elementor-screen-only\">\n\t\t\t\t\t\t\t\tObjet\t\t\t\t\t\t\t<\/label>\n\t\t\t\t\t\t\t\t<div class=\"elementor-field elementor-select-wrapper remove-before \">\n\t\t\t<div class=\"select-caret-down-wrapper\">\n\t\t\t\t<i aria-hidden=\"true\" class=\"eicon-caret-down\"><\/i>\t\t\t<\/div>\n\t\t\t<select name=\"form_fields[objet]\" id=\"form-field-objet\" class=\"elementor-field-textual elementor-size-sm\">\n\t\t\t\t\t\t\t\t\t<option value=\"S\u00e9jours &amp; business\">S\u00e9jours &amp; business<\/option>\n\t\t\t\t\t\t\t\t\t<option value=\"R\u00e9servation\">R\u00e9servation<\/option>\n\t\t\t\t\t\t\t\t\t<option value=\"H\u00f4tel\">H\u00f4tel<\/option>\n\t\t\t\t\t\t\t\t\t<option value=\"Autre\">Autre<\/option>\n\t\t\t\t\t\t\t<\/select>\n\t\t<\/div>\n\t\t\t\t\t\t<\/div>\n\t\t\t\t\t\t\t\t<div class=\"elementor-field-type-email elementor-field-group elementor-column elementor-field-group-email elementor-col-100 elementor-md-100 elementor-sm-100 elementor-field-required\">\n\t\t\t\t\t\t\t\t\t\t\t\t<label for=\"form-field-email\" class=\"elementor-field-label elementor-screen-only\">\n\t\t\t\t\t\t\t\tE-mail\t\t\t\t\t\t\t<\/label>\n\t\t\t\t\t\t\t\t\t\t\t\t\t\t<input size=\"1\" type=\"email\" name=\"form_fields[email]\" id=\"form-field-email\" class=\"elementor-field elementor-size-sm  elementor-field-textual\" placeholder=\"Votre e-mail *\" required=\"required\">\n\t\t\t\t\t\t\t\t\t\t\t<\/div>\n\t\t\t\t\t\t\t\t<div class=\"elementor-field-type-tel elementor-field-group elementor-column elementor-field-group-field_d457a6b elementor-col-100 elementor-md-100 elementor-sm-100 elementor-field-required\">\n\t\t\t\t\t\t\t\t\t\t\t\t<label for=\"form-field-field_d457a6b\" class=\"elementor-field-label elementor-screen-only\">\n\t\t\t\t\t\t\t\tTelephone\t\t\t\t\t\t\t<\/label>\n\t\t\t\t\t\t\t\t<input size=\"1\" type=\"tel\" name=\"form_fields[field_d457a6b]\" id=\"form-field-field_d457a6b\" class=\"elementor-field elementor-size-sm  elementor-field-textual\" placeholder=\"Votre t\u00e9l\u00e9phone *\" required=\"required\" pattern=\"[0-9()#&amp;+*-=.]+\" title=\"Only numbers and phone characters (#, -, *, etc) are accepted.\">\n\n\t\t\t\t\t\t<\/div>\n\t\t\t\t\t\t\t\t<div class=\"elementor-field-type-textarea elementor-field-group elementor-column elementor-field-group-message elementor-col-100 elementor-md-100 elementor-sm-100 elementor-field-required\">\n\t\t\t\t\t\t\t\t\t\t\t\t<label for=\"form-field-message\" class=\"elementor-field-label elementor-screen-only\">\n\t\t\t\t\t\t\t\tMessage\t\t\t\t\t\t\t<\/label>\n\t\t\t\t\t\t<textarea class=\"elementor-field-textual elementor-field  elementor-size-sm\" name=\"form_fields[message]\" id=\"form-field-message\" rows=\"6\" placeholder=\"Votre message *\" required=\"required\"><\/textarea>\t\t\t\t<\/div>\n\t\t\t\t\t\t\t\t<div class=\"elementor-field-type-acceptance elementor-field-group elementor-column elementor-field-group-field_3f901c0 elementor-col-100 elementor-md-100\">\n\t\t\t\t\t\t\t<div class=\"elementor-field-subgroup\">\n\t\t\t<span class=\"elementor-field-option\">\n\t\t\t\t<input type=\"checkbox\" name=\"form_fields[field_3f901c0]\" id=\"form-field-field_3f901c0\" class=\"elementor-field elementor-size-sm  elementor-acceptance-field\">\n\t\t\t\t<label for=\"form-field-field_3f901c0\">Oui, je donne mon consentement **<\/label>\t\t\t<\/span>\n\t\t<\/div>\n\t\t\t\t\t\t<\/div>\n\t\t\t\t\t\t\t\t<div class=\"elementor-field-type-recaptcha_v3 elementor-field-group elementor-column elementor-field-group-field_9a26c05 elementor-col-100 recaptcha_v3-bottomright\">\n\t\t\t\t\t<div class=\"elementor-field\" id=\"form-field-field_9a26c05\"><div class=\"elementor-g-recaptcha\" data-sitekey=\"6LeNq_8qAAAAAIJHlr_aJWkDC9Nk87cCfEVdqvfA\" data-type=\"v3\" data-action=\"Form\" data-badge=\"bottomright\" data-size=\"invisible\"><\/div><\/div>\t\t\t\t<\/div>\n\t\t\t\t\t\t\t\t<div class=\"elementor-field-group elementor-column elementor-field-type-submit elementor-col-100 e-form__buttons\">\n\t\t\t\t\t<button class=\"elementor-button elementor-size-sm\" type=\"submit\">\n\t\t\t\t\t\t<span class=\"elementor-button-content-wrapper\">\n\t\t\t\t\t\t\t\t\t\t\t\t\t\t\t\t\t\t\t\t\t\t<span class=\"elementor-button-text\">Envoyer<\/span>\n\t\t\t\t\t\t\t\t\t\t\t\t\t<\/span>\n\t\t\t\t\t<\/button>\n\t\t\t\t<\/div>\n\t\t\t<\/div>\n\t\t<\/form>\n\t\t\t\t\t\t<\/div>\n\t\t\t\t<\/div>\n\t\t\t\t<div class=\"elementor-element elementor-element-1faec25 elementor-widget elementor-widget-text-editor\" data-id=\"1faec25\" data-element_type=\"widget\" data-e-type=\"widget\" data-widget_type=\"text-editor.default\">\n\t\t\t\t<div class=\"elementor-widget-container\">\n\t\t\t\t\t\t\t\t\t<p>* Champs obligatoires. Ces informations restent confidentielles et ne seront jamais diffus\u00e9es \u00e0 quelque organisme que ce soit.<\/p><p>En soumettant ce formulaire, j\u2019accepte que les informations saisies dans ce formulaire soient utilis\u00e9es et trait\u00e9es pour permettre de me recontacter, dans le cadre de ma demande d\u2019informations, que ce soit par mail, ou t\u00e9l\u00e9phone. Pour conna\u00eetre et exercer vos droits, notamment de retrait de consentement \u00e0 l\u2019utilisation de donn\u00e9es collect\u00e9es par ce formulaire. Veuillez consulter notre politique de confidentialit\u00e9. Mentions l\u00e9gales.<\/p><p>Ce site est prot\u00e9g\u00e9 par reCAPTCHA \u2013 la politique de confidentialit\u00e9 et les conditions de service de Google s\u2019appliquent.<\/p><p>\u00a0<\/p><p><strong>\u26a0\ufe0f S\u00e9curit\u00e9 \u2013 Pr\u00e9vention du phishing<\/strong><br \/><strong>Soyez vigilant face aux tentatives de fraude par email, message ou t\u00e9l\u00e9phone.<\/strong><br \/><strong>En cas de doute, nous vous invitons \u00e0 ne pas r\u00e9pondre et \u00e0 nous contacter directement via nos coordonn\u00e9es officielles.<\/strong><\/p><p>\u00a0<\/p>\t\t\t\t\t\t\t\t<\/div>\n\t\t\t\t<\/div>\n\t\t\t\t<\/div>\n\t\t\t\t<\/div>\n\t\t<div class=\"elementor-element elementor-element-861fe6a e-con-full arch e-flex e-con e-child\" data-id=\"861fe6a\" data-element_type=\"container\" data-e-type=\"container\">\n\t\t<div class=\"elementor-element elementor-element-30939b5 e-con-full e-flex e-con e-child\" data-id=\"30939b5\" data-element_type=\"container\" data-e-type=\"container\">\n\t\t\t\t<div class=\"elementor-element elementor-element-bdc5701 elementor-widget__width-inherit elementor-widget elementor-widget-image\" data-id=\"bdc5701\" data-element_type=\"widget\" data-e-type=\"widget\" data-widget_type=\"image.default\">\n\t\t\t\t<div class=\"elementor-widget-container\">\n\t\t\t\t\t\t\t\t\t\t\t\t\t\t\t<img fetchpriority=\"high\" decoding=\"async\" width=\"1920\" height=\"1280\" src=\"https:\/\/www.hotel-grand-pavois.com\/wp-content\/uploads\/2025\/03\/Hotel_le-grand-pavois\u00a9StephaneLeroy-9837.jpg\" class=\"attachment-full size-full wp-image-1613\" alt=\"\" srcset=\"https:\/\/www.hotel-grand-pavois.com\/wp-content\/uploads\/2025\/03\/Hotel_le-grand-pavois\u00a9StephaneLeroy-9837.jpg 1920w, https:\/\/www.hotel-grand-pavois.com\/wp-content\/uploads\/2025\/03\/Hotel_le-grand-pavois\u00a9StephaneLeroy-9837-300x200.jpg 300w, https:\/\/www.hotel-grand-pavois.com\/wp-content\/uploads\/2025\/03\/Hotel_le-grand-pavois\u00a9StephaneLeroy-9837-1024x683.jpg 1024w, https:\/\/www.hotel-grand-pavois.com\/wp-content\/uploads\/2025\/03\/Hotel_le-grand-pavois\u00a9StephaneLeroy-9837-768x512.jpg 768w, https:\/\/www.hotel-grand-pavois.com\/wp-content\/uploads\/2025\/03\/Hotel_le-grand-pavois\u00a9StephaneLeroy-9837-1536x1024.jpg 1536w, https:\/\/www.hotel-grand-pavois.com\/wp-content\/uploads\/2025\/03\/Hotel_le-grand-pavois\u00a9StephaneLeroy-9837-18x12.jpg 18w\" sizes=\"(max-width: 1920px) 100vw, 1920px\" title=\"\">\t\t\t\t\t\t\t\t\t\t\t\t\t\t\t<\/div>\n\t\t\t\t<\/div>\n\t\t\t\t<\/div>\n\t\t\t\t<\/div>\n\t\t\t\t\t<\/div>\n\t\t\t\t<\/div>\n\t\t\t\t<\/div>\n\t\t","protected":false},"excerpt":{"rendered":"<p>Contact &amp; acc\u00e8s H\u00f4tel vue mer \u00e0 F\u00e9camp Une \u00e9quipe pour vous conseiller H\u00f4tel Le Grand Pavois 3* \u00a015 quai de la Vicomt\u00e976400 F\u00e9campFRANCET\u00c9L : +33 (0)2 35 10 01 01 contact@hotel-grand-pavois.com http:\/\/www.hotel-grand-pavois.com\/ Comment venir ? En train La gare TER de F\u00e9camp se situe \u00e0 seulement 3 minutes de voiture de notre h\u00f4tel avec [&hellip;]<\/p>\n","protected":false},"author":13,"featured_media":0,"parent":0,"menu_order":0,"comment_status":"closed","ping_status":"closed","template":"","meta":{"inline_featured_image":false,"footnotes":""},"class_list":["post-184","page","type-page","status-publish","hentry"],"_links":{"self":[{"href":"https:\/\/www.hotel-grand-pavois.com\/en\/wp-json\/wp\/v2\/pages\/184","targetHints":{"allow":["GET"]}}],"collection":[{"href":"https:\/\/www.hotel-grand-pavois.com\/en\/wp-json\/wp\/v2\/pages"}],"about":[{"href":"https:\/\/www.hotel-grand-pavois.com\/en\/wp-json\/wp\/v2\/types\/page"}],"author":[{"embeddable":true,"href":"https:\/\/www.hotel-grand-pavois.com\/en\/wp-json\/wp\/v2\/users\/13"}],"replies":[{"embeddable":true,"href":"https:\/\/www.hotel-grand-pavois.com\/en\/wp-json\/wp\/v2\/comments?post=184"}],"version-history":[{"count":49,"href":"https:\/\/www.hotel-grand-pavois.com\/en\/wp-json\/wp\/v2\/pages\/184\/revisions"}],"predecessor-version":[{"id":2401,"href":"https:\/\/www.hotel-grand-pavois.com\/en\/wp-json\/wp\/v2\/pages\/184\/revisions\/2401"}],"wp:attachment":[{"href":"https:\/\/www.hotel-grand-pavois.com\/en\/wp-json\/wp\/v2\/media?parent=184"}],"curies":[{"name":"wp","href":"https:\/\/api.w.org\/{rel}","templated":true}]}}