{"id":163,"date":"2025-02-27T11:47:50","date_gmt":"2025-02-27T10:47:50","guid":{"rendered":"https:\/\/www.hotel-grand-pavois.com\/?page_id=163"},"modified":"2025-10-22T16:05:32","modified_gmt":"2025-10-22T14:05:32","slug":"special-offers-fecamp-hotel-sea-view","status":"publish","type":"page","link":"https:\/\/www.hotel-grand-pavois.com\/en\/offres-speciales-hotel-fecamp-vue-sur-mer\/","title":{"rendered":"Special offers"},"content":{"rendered":"\t\t<div data-elementor-type=\"wp-page\" data-elementor-id=\"163\" class=\"elementor elementor-163\" data-elementor-post-type=\"page\">\n\t\t\t\t<div class=\"elementor-element elementor-element-dd9e6bb e-con-full top hero e-flex e-con e-parent\" data-id=\"dd9e6bb\" data-element_type=\"container\" data-e-type=\"container\" data-settings=\"{&quot;background_background&quot;:&quot;classic&quot;}\">\n\t\t<div class=\"elementor-element elementor-element-a68cef1 e-flex e-con-boxed e-con e-child\" data-id=\"a68cef1\" data-element_type=\"container\" data-e-type=\"container\">\n\t\t\t\t\t<div class=\"e-con-inner\">\n\t\t\t\t\t<\/div>\n\t\t\t\t<\/div>\n\t\t<div class=\"elementor-element elementor-element-95f325d e-con-full title-container e-flex e-con e-child\" data-id=\"95f325d\" data-element_type=\"container\" data-e-type=\"container\">\n\t\t\t\t<div class=\"elementor-element elementor-element-2be7403 title-1 elementor-widget elementor-widget-heading\" data-id=\"2be7403\" data-element_type=\"widget\" data-e-type=\"widget\" data-widget_type=\"heading.default\">\n\t\t\t\t<div class=\"elementor-widget-container\">\n\t\t\t\t\t<p class=\"elementor-heading-title elementor-size-default\">Offres sp\u00e9ciales<\/p>\t\t\t\t<\/div>\n\t\t\t\t<\/div>\n\t\t\t\t<div class=\"elementor-element elementor-element-905fa65 title-2 elementor-widget elementor-widget-heading\" data-id=\"905fa65\" data-element_type=\"widget\" data-e-type=\"widget\" data-widget_type=\"heading.default\">\n\t\t\t\t<div class=\"elementor-widget-container\">\n\t\t\t\t\t<h1 class=\"elementor-heading-title elementor-size-default\">H\u00f4tel F\u00e9camp vue sur mer<\/h1>\t\t\t\t<\/div>\n\t\t\t\t<\/div>\n\t\t\t\t<\/div>\n\t\t<div class=\"elementor-element elementor-element-f021d58 e-flex e-con-boxed e-con e-child\" data-id=\"f021d58\" data-element_type=\"container\" data-e-type=\"container\">\n\t\t\t\t\t<div class=\"e-con-inner\">\n\t\t\t\t<div class=\"elementor-element elementor-element-4d9efea elementor-widget__width-auto elementor-view-default elementor-widget elementor-widget-icon\" data-id=\"4d9efea\" data-element_type=\"widget\" data-e-type=\"widget\" data-widget_type=\"icon.default\">\n\t\t\t\t<div class=\"elementor-widget-container\">\n\t\t\t\t\t\t\t<div class=\"elementor-icon-wrapper\">\n\t\t\t<a class=\"elementor-icon\" href=\"#firstscreen\">\n\t\t\t<svg xmlns=\"http:\/\/www.w3.org\/2000\/svg\" width=\"22\" height=\"41\" viewBox=\"0 0 22 41\" fill=\"none\"><g id=\"scroll\"><path id=\"Vector\" d=\"M10.86 40L10.3297 40.5303C10.4703 40.671 10.6611 40.75 10.86 40.75C11.0589 40.75 11.2497 40.671 11.3903 40.5303L10.86 40ZM20.7503 31.1703C21.0432 30.8774 21.0432 30.4026 20.7503 30.1097C20.4574 29.8168 19.9826 29.8168 19.6897 30.1097L20.7503 31.1703ZM2.03033 30.1097C1.73744 29.8168 1.26256 29.8168 0.96967 30.1097C0.676777 30.4026 0.676777 30.8774 0.96967 31.1703L2.03033 30.1097ZM11.61 1C11.61 0.585786 11.2742 0.25 10.86 0.25C10.4458 0.25 10.11 0.585786 10.11 1L11.61 1ZM10.86 23.62H11.61H10.86ZM11.3903 40.5303L20.7503 31.1703L19.6897 30.1097L10.3297 39.4697L11.3903 40.5303ZM11.3903 39.4697L2.03033 30.1097L0.96967 31.1703L10.3297 40.5303L11.3903 39.4697ZM10.11 1L10.11 23.62H11.61L11.61 1L10.11 1ZM10.11 23.62L10.11 40H11.61L11.61 23.62H10.11Z\" fill=\"white\"><\/path><\/g><\/svg>\t\t\t<\/a>\n\t\t<\/div>\n\t\t\t\t\t\t<\/div>\n\t\t\t\t<\/div>\n\t\t\t\t\t<\/div>\n\t\t\t\t<\/div>\n\t\t\t\t<\/div>\n\t\t<div class=\"elementor-element elementor-element-0b9e6b7 special-offers e-flex e-con-boxed e-con e-parent\" data-id=\"0b9e6b7\" data-element_type=\"container\" data-e-type=\"container\" id=\"firstscreen\">\n\t\t\t\t\t<div class=\"e-con-inner\">\n\t\t\t\t<div class=\"elementor-element elementor-element-c6016f9 elementor-widget__width-inherit offers-listing elementor-pagination-type-bullets elementor-grid-3 elementor-grid-tablet-2 elementor-grid-mobile-1 elementor-widget elementor-widget-offers-list\" data-id=\"c6016f9\" data-element_type=\"widget\" data-e-type=\"widget\" data-settings=\"{&quot;element_skin&quot;:&quot;card&quot;,&quot;slides_per_view_tablet&quot;:&quot;2&quot;,&quot;slides_per_view_mobile&quot;:&quot;1&quot;,&quot;space_between&quot;:{&quot;unit&quot;:&quot;px&quot;,&quot;size&quot;:10,&quot;sizes&quot;:[]},&quot;space_between_laptop&quot;:{&quot;unit&quot;:&quot;px&quot;,&quot;size&quot;:&quot;&quot;,&quot;sizes&quot;:[]},&quot;space_between_tablet_extra&quot;:{&quot;unit&quot;:&quot;px&quot;,&quot;size&quot;:&quot;&quot;,&quot;sizes&quot;:[]},&quot;space_between_tablet&quot;:{&quot;unit&quot;:&quot;px&quot;,&quot;size&quot;:10,&quot;sizes&quot;:[]},&quot;space_between_mobile&quot;:{&quot;unit&quot;:&quot;px&quot;,&quot;size&quot;:10,&quot;sizes&quot;:[]},&quot;effect&quot;:&quot;slide&quot;,&quot;autoplay&quot;:&quot;no&quot;,&quot;carousel_first_only&quot;:&quot;no&quot;,&quot;pagination&quot;:&quot;bullets&quot;,&quot;categories_filter&quot;:[&quot;*&quot;],&quot;item_ignore_filter&quot;:[],&quot;validity_date_format&quot;:&quot;long&quot;,&quot;cards_columns&quot;:&quot;3&quot;,&quot;cards_columns_tablet&quot;:&quot;2&quot;,&quot;cards_columns_mobile&quot;:&quot;1&quot;,&quot;row_gap&quot;:{&quot;unit&quot;:&quot;px&quot;,&quot;size&quot;:35,&quot;sizes&quot;:[]}}\" data-widget_type=\"offers-list.default\">\n\t\t\t\t<div class=\"elementor-widget-container\">\n\t\t\t\t\t                        <div class=\"eliophot-offers eliophot-offers__wrapper eliophot-base-list elementor-grid\">\n                    <input type=\"hidden\" class=\"api_id\" value=\"\">\n                                                <div class=\"eliophot-offer__no_post\">\n                                        <p>Aucun post<\/p>\n                                    <\/div>\n                                            <\/div>\n\n                \t\t\t\t<\/div>\n\t\t\t\t<\/div>\n\t\t\t\t\t<\/div>\n\t\t\t\t<\/div>\n\t\t\t\t<\/div>\n\t\t","protected":false},"excerpt":{"rendered":"<p>Offres sp\u00e9ciales H\u00f4tel F\u00e9camp vue sur mer Offre Exclusive S\u00e9journez au Grand Pavois, face au port d\u2019\u00c9tretat, dans une ambiance \u00e9l\u00e9gante et apaisante. Profitez de \u201350 % sur la 2\u1d49 nuit ou de la 3\u1d49 nuit offerte selon votre s\u00e9jour. R\u00e9server D\u00e9couvrir<\/p>","protected":false},"author":13,"featured_media":0,"parent":0,"menu_order":0,"comment_status":"closed","ping_status":"closed","template":"","meta":{"inline_featured_image":false,"footnotes":""},"class_list":["post-163","page","type-page","status-publish","hentry"],"_links":{"self":[{"href":"https:\/\/www.hotel-grand-pavois.com\/en\/wp-json\/wp\/v2\/pages\/163","targetHints":{"allow":["GET"]}}],"collection":[{"href":"https:\/\/www.hotel-grand-pavois.com\/en\/wp-json\/wp\/v2\/pages"}],"about":[{"href":"https:\/\/www.hotel-grand-pavois.com\/en\/wp-json\/wp\/v2\/types\/page"}],"author":[{"embeddable":true,"href":"https:\/\/www.hotel-grand-pavois.com\/en\/wp-json\/wp\/v2\/users\/13"}],"replies":[{"embeddable":true,"href":"https:\/\/www.hotel-grand-pavois.com\/en\/wp-json\/wp\/v2\/comments?post=163"}],"version-history":[{"count":34,"href":"https:\/\/www.hotel-grand-pavois.com\/en\/wp-json\/wp\/v2\/pages\/163\/revisions"}],"predecessor-version":[{"id":2293,"href":"https:\/\/www.hotel-grand-pavois.com\/en\/wp-json\/wp\/v2\/pages\/163\/revisions\/2293"}],"wp:attachment":[{"href":"https:\/\/www.hotel-grand-pavois.com\/en\/wp-json\/wp\/v2\/media?parent=163"}],"curies":[{"name":"wp","href":"https:\/\/api.w.org\/{rel}","templated":true}]}}